{"id":3142,"date":"2024-09-21T17:43:07","date_gmt":"2024-09-21T17:43:07","guid":{"rendered":"https:\/\/www.mymallorcadiary.com\/o-nas\/"},"modified":"2026-04-14T14:30:43","modified_gmt":"2026-04-14T14:30:43","slug":"o-nas","status":"publish","type":"page","link":"https:\/\/www.mymallorcadiary.com\/cs\/o-nas\/","title":{"rendered":"O n\u00e1s"},"content":{"rendered":"&#13;\n<p>Jsme Adri a Tom, p\u00e1r, kter\u00fd u\u017e \u0161est let \u017eije na Mallorce. B\u011bhem na\u0161eho pobytu na tomto kr\u00e1sn\u00e9m ostrov\u011b jsme objevili nespo\u010det skryt\u00fdch poklad\u016f, o kter\u00fdch v\u011bd\u00ed jen m\u00edstn\u00ed. A\u0165 u\u017e jde o odlehl\u00e9 pl\u00e1\u017ee, ru\u0161n\u00e9 trhy nebo malebn\u00e9 vesni\u010dky, s nad\u0161en\u00edm v\u00e1m p\u0159edstavujeme Mallorku z pohledu m\u00edstn\u00edch obyvatel.  <\/p>&#13;\n<p><img decoding=\"async\" class=\"wp-image-147 size-full aligncenter\" src=\"https:\/\/www.mymallorcadiary.com\/wp-content\/uploads\/2024\/09\/Mallorca-guide-Tom-and-Adri.jpg\" alt=\"Pr&#x16F;vodce po Mallorce\" width=\"550\" height=\"550\"\/><\/p>&#13;\n&#13;\n<p><strong>Objevte Mallorku, n\u00e1\u0161 ostrovn\u00ed domov<\/strong><\/p>&#13;\n&#13;\n<p>Mallorca n\u00e1s okouzlila sv\u00fdmi dechberouc\u00edmi krajinami, bohatou kulturou a v\u0159el\u00fdmi lidmi, kter\u00e9 jsme zde potkali. Str\u00e1vili jsme roky objevov\u00e1n\u00edm jej\u00edch \u010detn\u00fdch kr\u00e1s a m\u00e1me pocit, \u017ee je tu v\u017edy co objevovat. A\u0165 u\u017e jde o klidnou pl\u00e1\u017e p\u0159i v\u00fdchodu slunce, ru\u0161n\u00fd trh v srdci Palmy nebo skrytou z\u00e1toku, na\u0161e pouto k tomuto ostrovu se s ka\u017ed\u00fdm rokem jen prohlubuje. <\/p>&#13;\n&#13;\n<p><strong>R\u00e1di se s ostatn\u00edmi d\u011bl\u00edme o kr\u00e1sy Mallorky a nab\u00edz\u00edme<\/strong> jim autentick\u00fd z\u00e1\u017eitek z m\u00edstn\u00ed kultury, kuchyn\u011b a skryt\u00fdch poklad\u016f. Tom tak\u00e9 r\u00e1d p\u0159edstavuje nejkr\u00e1sn\u011bj\u0161\u00ed m\u00edsta ostrova na <a href=\"https:\/\/www.tiktok.com\/@mymallorcadiary\" target=\"_blank\" rel=\"noreferrer noopener\" data-type=\"link\" data-id=\"https:\/\/www.tiktok.com\/@mymallorcadiary\">TikToku<\/a> a prost\u0159ednictv\u00edm poutav\u00fdch vide\u00ed pom\u00e1h\u00e1 cestovatel\u016fm i m\u00edstn\u00edm obyvatel\u016fm objevovat skryt\u00e9 poklady Mallorky. <\/p>&#13;\n&#13;\n<p><strong>N\u00e1\u0161 \u017eivot a podnik\u00e1n\u00ed na ostrov\u011b<\/strong><br\/>Krom\u011b objevov\u00e1n\u00ed Mallorky m\u00e1me tak\u00e9 to \u0161t\u011bst\u00ed, \u017ee m\u016f\u017eeme spojit svou v\u00e1\u0161e\u0148 pro cestov\u00e1n\u00ed s prac\u00ed. Adri provozuje vlastn\u00ed firmu <a href=\"http:\/\/thisisvisible.com\" target=\"_blank\" rel=\"noopener\">Thisisvisible.com<\/a>, kter\u00e1 se zab\u00fdv\u00e1 webdesignem a spr\u00e1vou soci\u00e1ln\u00edch s\u00edt\u00ed a pom\u00e1h\u00e1 m\u00edstn\u00edm mallorsk\u00fdm podnik\u016fm rozv\u00edjet jejich online p\u0159\u00edtomnost. Tom zase zalo\u017eil <a href=\"http:\/\/likexpat.com\" target=\"_blank\" rel=\"noopener\">Likexpats.com<\/a>, online cestovn\u00ed kancel\u00e1\u0159 specializuj\u00edc\u00ed se na p\u0159\u00edpravu jedine\u010dn\u00fdch z\u00e1\u017eitk\u016f pro \u010desk\u00e9 a slovensk\u00e9 cestovatele, kte\u0159\u00ed nav\u0161t\u011bvuj\u00ed Mallorku i dal\u0161\u00ed destinace.  <\/p>&#13;\n&#13;\n<p><strong>Cestov\u00e1n\u00ed, j\u00eddlo a tenis: na\u0161e v\u00e1\u0161n\u011b<\/strong><br\/>Kdy\u017e zrovna nepracujeme nebo neprozkoum\u00e1v\u00e1me nov\u00e9 kouty Mallorky, \u010dasto n\u00e1s najdete, jak se odd\u00e1v\u00e1me na\u0161im obl\u00edben\u00fdm kon\u00ed\u010dk\u016fm: cestov\u00e1n\u00ed, n\u00e1v\u0161t\u011bv\u00e1m m\u00edstn\u00edch restaurac\u00ed a tenisu. V\u011b\u0159\u00edme, \u017ee \u017eivot na Mallorce nab\u00edz\u00ed dokonalou rovnov\u00e1hu mezi vychutn\u00e1v\u00e1n\u00edm kr\u00e1s ostrova a v\u011bnov\u00e1n\u00edm se na\u0161im osobn\u00edm z\u00e1lib\u00e1m.  <strong>Neust\u00e1le hled\u00e1me skv\u011bl\u00e1 m\u00edsta, kde se naj\u00edst, \u00fatuln\u00e9 kav\u00e1rny, kde si odpo\u010dinout, a nov\u00e9 lokality k prozkoum\u00e1n\u00ed, a\u0165 u\u017e tady doma, nebo v zahrani\u010d\u00ed.<\/strong><\/p>&#13;\n&#13;\n<p><strong>Kontaktujte n\u00e1s<\/strong><br\/>R\u00e1di se s v\u00e1mi d\u011bl\u00edme o na\u0161e z\u00e1\u017eitky, a\u0165 u\u017e z pr\u00e1ce, nebo z ka\u017edodenn\u00edho \u017eivota na Mallorce. Douf\u00e1me, \u017ee t\u00edm inspirujeme ostatn\u00ed k tomu, aby tento kr\u00e1sn\u00fd ostrov prozkoumali a u\u017eili si jedine\u010dnou sm\u011bsici kultury, kuchyn\u011b a z\u00e1\u017eitk\u016f, kter\u00e9 nab\u00edz\u00ed. P\u0159ipojte se k n\u00e1m na na\u0161\u00ed cest\u011b, na kter\u00e9 budeme i nad\u00e1le objevovat, sd\u00edlet a pro\u017e\u00edvat \u017eivot na Mallorce.  <\/p>&#13;\n&#13;\n<p>Napi\u0161te n\u00e1m na e-mailovou adresu <a href=\"mailto:mymallorcadiary@gmail.com\">mymallorcadiary@gmail.com<\/a><\/p>&#13;\n&#13;\n<p>\u00a0<\/p>&#13;\n&#13;\n<p><strong>Adri<\/strong><\/p>&#13;\n&#13;\n<p><a href=\"https:\/\/www.facebook.com\/adry.arroyocastellanos\" target=\"_blank\" rel=\"noreferrer noopener\" data-type=\"link\" data-id=\"https:\/\/www.facebook.com\/adry.arroyocastellanos\">Adri\u2019s Facebook<\/a><br\/><a href=\"https:\/\/www.instagram.com\/my.authentic.experiences\/\" target=\"_blank\" rel=\"noreferrer noopener\" data-type=\"link\" data-id=\"https:\/\/www.instagram.com\/my.authentic.experiences\/\">Adri\u2019s Instagram<\/a><\/p>&#13;\n&#13;\n<p><strong>Tom<\/strong><\/p>&#13;\n&#13;\n<p><a href=\"https:\/\/www.facebook.com\/tomas.nanak.9\/\" target=\"_blank\" rel=\"noreferrer noopener\">Tom\u2019s Facebook<\/a><br\/><a href=\"https:\/\/www.tiktok.com\/@mymallorcadiary\" target=\"_blank\" rel=\"noreferrer noopener\" data-type=\"link\" data-id=\"https:\/\/www.tiktok.com\/@mymallorcadiary\">Tom\u2019s Tiktok<\/a><br\/><a href=\"https:\/\/www.instagram.com\/mymallorcadiary\/?hl=en\" target=\"_blank\" rel=\"noreferrer noopener\" data-type=\"link\" data-id=\"https:\/\/www.instagram.com\/mymallorcadiary\/?hl=en\">Tom\u2019s Instagram<\/a><\/p>&#13;\n&#13;\n<p>\u00a0<\/p>&#13;\n\r\n<blockquote class=\"wp-block-quote is-layout-flow wp-block-quote-is-layout-flow\">&#13;\n<p>\u00a0<\/p>&#13;\n<\/blockquote>\r\n&#13;\n<p>\u00a0<\/p>&#13;\n&#13;\n<p>\u00a0<\/p>&#13;\n","protected":false},"excerpt":{"rendered":"<p>&#13; Jsme Adri a Tom, p\u00e1r, kter\u00fd u\u017e \u0161est let \u017eije na Mallorce. B\u011bhem na\u0161eho pobytu na tomto kr\u00e1sn\u00e9m ostrov\u011b jsme objevili nespo\u010det skryt\u00fdch poklad\u016f, o kter\u00fdch v\u011bd\u00ed jen m\u00edstn\u00ed. A\u0165 u\u017e jde o odlehl\u00e9 pl\u00e1\u017ee, ru\u0161n\u00e9 trhy nebo malebn\u00e9 vesni\u010dky, s nad\u0161en\u00edm v\u00e1m p\u0159edstavujeme Mallorku z pohledu m\u00edstn\u00edch obyvatel. &#13; &#13; &#13; Objevte Mallorku, [&hellip;]<\/p>\n","protected":false},"author":1,"featured_media":0,"parent":0,"menu_order":0,"comment_status":"closed","ping_status":"closed","template":"","meta":{"rank_math_title":"","rank_math_description":"","rank_math_focus_keyword":"","_lmt_disableupdate":"","_lmt_disable":"","footnotes":""},"class_list":["post-3142","page","type-page","status-publish"],"yoast_head":"<!-- This site is optimized with the Yoast SEO plugin v23.8 - https:\/\/yoast.com\/wordpress\/plugins\/seo\/ -->\n<title>O n\u00e1s | Mymallorcadiary<\/title>\n<meta name=\"description\" content=\"Jsme Adri a Tom, p\u00e1r, kter\u00fd u\u017e \u0161est let \u017eije na Mallorce. B\u011bhem na\u0161eho pobytu na tomto kr\u00e1sn\u00e9m ostrov\u011b...\" \/>\n<meta name=\"robots\" content=\"index, follow, max-snippet:-1, max-image-preview:large, max-video-preview:-1\" \/>\n<link rel=\"canonical\" href=\"https:\/\/www.mymallorcadiary.com\/cs\/o-nas\/\" \/>\n<meta property=\"og:locale\" content=\"cs_CZ\" \/>\n<meta property=\"og:type\" content=\"article\" \/>\n<meta property=\"og:title\" content=\"O n\u00e1s | Mymallorcadiary\" \/>\n<meta property=\"og:description\" content=\"Jsme Adri a Tom, p\u00e1r, kter\u00fd u\u017e \u0161est let \u017eije na Mallorce. B\u011bhem na\u0161eho pobytu na tomto kr\u00e1sn\u00e9m ostrov\u011b...\" \/>\n<meta property=\"og:url\" content=\"https:\/\/www.mymallorcadiary.com\/cs\/o-nas\/\" \/>\n<meta property=\"og:site_name\" content=\"mymallorcadiary.com\" \/>\n<meta property=\"article:modified_time\" content=\"2026-04-14T14:30:43+00:00\" \/>\n<meta name=\"twitter:card\" content=\"summary_large_image\" \/>\n<meta name=\"twitter:label1\" content=\"Odhadovan\u00e1 doba \u010dten\u00ed\" \/>\n\t<meta name=\"twitter:data1\" content=\"3 minuty\" \/>\n<script type=\"application\/ld+json\" class=\"yoast-schema-graph\">{\"@context\":\"https:\/\/schema.org\",\"@graph\":[{\"@type\":\"WebPage\",\"@id\":\"https:\/\/www.mymallorcadiary.com\/cs\/o-nas\/\",\"url\":\"https:\/\/www.mymallorcadiary.com\/cs\/o-nas\/\",\"name\":\"O n\u00e1s | Mymallorcadiary\",\"isPartOf\":{\"@id\":\"https:\/\/www.mymallorcadiary.com\/cs\/#website\"},\"primaryImageOfPage\":{\"@id\":\"https:\/\/www.mymallorcadiary.com\/cs\/o-nas\/#primaryimage\"},\"image\":{\"@id\":\"https:\/\/www.mymallorcadiary.com\/cs\/o-nas\/#primaryimage\"},\"thumbnailUrl\":\"https:\/\/www.mymallorcadiary.com\/wp-content\/uploads\/2024\/09\/Mallorca-guide-Tom-and-Adri.jpg\",\"datePublished\":\"2024-09-21T17:43:07+00:00\",\"dateModified\":\"2026-04-14T14:30:43+00:00\",\"description\":\"Jsme Adri a Tom, p\u00e1r, kter\u00fd u\u017e \u0161est let \u017eije na Mallorce. B\u011bhem na\u0161eho pobytu na tomto kr\u00e1sn\u00e9m ostrov\u011b...\",\"breadcrumb\":{\"@id\":\"https:\/\/www.mymallorcadiary.com\/cs\/o-nas\/#breadcrumb\"},\"inLanguage\":\"cs\",\"potentialAction\":[{\"@type\":\"ReadAction\",\"target\":[\"https:\/\/www.mymallorcadiary.com\/cs\/o-nas\/\"]}]},{\"@type\":\"ImageObject\",\"inLanguage\":\"cs\",\"@id\":\"https:\/\/www.mymallorcadiary.com\/cs\/o-nas\/#primaryimage\",\"url\":\"https:\/\/www.mymallorcadiary.com\/wp-content\/uploads\/2024\/09\/Mallorca-guide-Tom-and-Adri.jpg\",\"contentUrl\":\"https:\/\/www.mymallorcadiary.com\/wp-content\/uploads\/2024\/09\/Mallorca-guide-Tom-and-Adri.jpg\"},{\"@type\":\"BreadcrumbList\",\"@id\":\"https:\/\/www.mymallorcadiary.com\/cs\/o-nas\/#breadcrumb\",\"itemListElement\":[{\"@type\":\"ListItem\",\"position\":1,\"name\":\"Portada\",\"item\":\"https:\/\/www.mymallorcadiary.com\/cs\/hlavni-stranka\/\"},{\"@type\":\"ListItem\",\"position\":2,\"name\":\"O n\u00e1s\"}]},{\"@type\":\"WebSite\",\"@id\":\"https:\/\/www.mymallorcadiary.com\/cs\/#website\",\"url\":\"https:\/\/www.mymallorcadiary.com\/cs\/\",\"name\":\"mymallorcadiary.com\",\"description\":\"The best Mallorcan tips\",\"potentialAction\":[{\"@type\":\"SearchAction\",\"target\":{\"@type\":\"EntryPoint\",\"urlTemplate\":\"https:\/\/www.mymallorcadiary.com\/cs\/?s={search_term_string}\"},\"query-input\":{\"@type\":\"PropertyValueSpecification\",\"valueRequired\":true,\"valueName\":\"search_term_string\"}}],\"inLanguage\":\"cs\"}]}<\/script>\n<!-- \/ Yoast SEO plugin. -->","yoast_head_json":{"title":"O n\u00e1s | Mymallorcadiary","description":"Jsme Adri a Tom, p\u00e1r, kter\u00fd u\u017e \u0161est let \u017eije na Mallorce. B\u011bhem na\u0161eho pobytu na tomto kr\u00e1sn\u00e9m ostrov\u011b...","robots":{"index":"index","follow":"follow","max-snippet":"max-snippet:-1","max-image-preview":"max-image-preview:large","max-video-preview":"max-video-preview:-1"},"canonical":"https:\/\/www.mymallorcadiary.com\/cs\/o-nas\/","og_locale":"cs_CZ","og_type":"article","og_title":"O n\u00e1s | Mymallorcadiary","og_description":"Jsme Adri a Tom, p\u00e1r, kter\u00fd u\u017e \u0161est let \u017eije na Mallorce. B\u011bhem na\u0161eho pobytu na tomto kr\u00e1sn\u00e9m ostrov\u011b...","og_url":"https:\/\/www.mymallorcadiary.com\/cs\/o-nas\/","og_site_name":"mymallorcadiary.com","article_modified_time":"2026-04-14T14:30:43+00:00","twitter_card":"summary_large_image","twitter_misc":{"Odhadovan\u00e1 doba \u010dten\u00ed":"3 minuty"},"schema":{"@context":"https:\/\/schema.org","@graph":[{"@type":"WebPage","@id":"https:\/\/www.mymallorcadiary.com\/cs\/o-nas\/","url":"https:\/\/www.mymallorcadiary.com\/cs\/o-nas\/","name":"O n\u00e1s | Mymallorcadiary","isPartOf":{"@id":"https:\/\/www.mymallorcadiary.com\/cs\/#website"},"primaryImageOfPage":{"@id":"https:\/\/www.mymallorcadiary.com\/cs\/o-nas\/#primaryimage"},"image":{"@id":"https:\/\/www.mymallorcadiary.com\/cs\/o-nas\/#primaryimage"},"thumbnailUrl":"https:\/\/www.mymallorcadiary.com\/wp-content\/uploads\/2024\/09\/Mallorca-guide-Tom-and-Adri.jpg","datePublished":"2024-09-21T17:43:07+00:00","dateModified":"2026-04-14T14:30:43+00:00","description":"Jsme Adri a Tom, p\u00e1r, kter\u00fd u\u017e \u0161est let \u017eije na Mallorce. B\u011bhem na\u0161eho pobytu na tomto kr\u00e1sn\u00e9m ostrov\u011b...","breadcrumb":{"@id":"https:\/\/www.mymallorcadiary.com\/cs\/o-nas\/#breadcrumb"},"inLanguage":"cs","potentialAction":[{"@type":"ReadAction","target":["https:\/\/www.mymallorcadiary.com\/cs\/o-nas\/"]}]},{"@type":"ImageObject","inLanguage":"cs","@id":"https:\/\/www.mymallorcadiary.com\/cs\/o-nas\/#primaryimage","url":"https:\/\/www.mymallorcadiary.com\/wp-content\/uploads\/2024\/09\/Mallorca-guide-Tom-and-Adri.jpg","contentUrl":"https:\/\/www.mymallorcadiary.com\/wp-content\/uploads\/2024\/09\/Mallorca-guide-Tom-and-Adri.jpg"},{"@type":"BreadcrumbList","@id":"https:\/\/www.mymallorcadiary.com\/cs\/o-nas\/#breadcrumb","itemListElement":[{"@type":"ListItem","position":1,"name":"Portada","item":"https:\/\/www.mymallorcadiary.com\/cs\/hlavni-stranka\/"},{"@type":"ListItem","position":2,"name":"O n\u00e1s"}]},{"@type":"WebSite","@id":"https:\/\/www.mymallorcadiary.com\/cs\/#website","url":"https:\/\/www.mymallorcadiary.com\/cs\/","name":"mymallorcadiary.com","description":"The best Mallorcan tips","potentialAction":[{"@type":"SearchAction","target":{"@type":"EntryPoint","urlTemplate":"https:\/\/www.mymallorcadiary.com\/cs\/?s={search_term_string}"},"query-input":{"@type":"PropertyValueSpecification","valueRequired":true,"valueName":"search_term_string"}}],"inLanguage":"cs"}]}},"yoast_meta":{"yoast_wpseo_title":"O n\u00e1s | Mymallorcadiary","yoast_wpseo_metadesc":"Jsme Adri a Tom, p\u00e1r, kter\u00fd u\u017e \u0161est let \u017eije na Mallorce. B\u011bhem na\u0161eho pobytu na tomto kr\u00e1sn\u00e9m ostrov\u011b...","yoast_wpseo_canonical":"https:\/\/www.mymallorcadiary.com\/cs\/o-nas\/"},"_links":{"self":[{"href":"https:\/\/www.mymallorcadiary.com\/cs\/wp-json\/wp\/v2\/pages\/3142","targetHints":{"allow":["GET"]}}],"collection":[{"href":"https:\/\/www.mymallorcadiary.com\/cs\/wp-json\/wp\/v2\/pages"}],"about":[{"href":"https:\/\/www.mymallorcadiary.com\/cs\/wp-json\/wp\/v2\/types\/page"}],"author":[{"embeddable":true,"href":"https:\/\/www.mymallorcadiary.com\/cs\/wp-json\/wp\/v2\/users\/1"}],"replies":[{"embeddable":true,"href":"https:\/\/www.mymallorcadiary.com\/cs\/wp-json\/wp\/v2\/comments?post=3142"}],"version-history":[{"count":0,"href":"https:\/\/www.mymallorcadiary.com\/cs\/wp-json\/wp\/v2\/pages\/3142\/revisions"}],"wp:attachment":[{"href":"https:\/\/www.mymallorcadiary.com\/cs\/wp-json\/wp\/v2\/media?parent=3142"}],"curies":[{"name":"wp","href":"https:\/\/api.w.org\/{rel}","templated":true}]}}