{"id":2084,"date":"2024-09-21T18:02:50","date_gmt":"2024-09-21T18:02:50","guid":{"rendered":"https:\/\/www.mymallorcadiary.com\/kontaktiere-uns\/"},"modified":"2026-03-23T04:19:48","modified_gmt":"2026-03-23T04:19:48","slug":"kontaktiere-uns","status":"publish","type":"page","link":"https:\/\/www.mymallorcadiary.com\/de\/kontaktiere-uns\/","title":{"rendered":"Kontaktiere uns"},"content":{"rendered":"&#13;\n<p><br\/><strong>Wir w\u00fcrden uns freuen, von dir zu h\u00f6ren!<\/strong><br\/>Wenn du Fragen zu unseren Reisen hast, mit uns zusammenarbeiten m\u00f6chtest oder einfach nur Hallo sagen willst, z\u00f6gere nicht, uns zu kontaktieren. Du kannst uns \u00fcber das Kontaktformular weiter unten erreichen, und wir werden dir so schnell wie m\u00f6glich antworten.  <\/p>&#13;\n&#13;\n<p>Folge uns in den sozialen Medien, um \u00fcber unsere neuesten Abenteuer auf Mallorca und dar\u00fcber hinaus auf dem Laufenden zu bleiben! \ud83c\udfdd\ufe0f  <\/p>&#13;\n\n<div class=\"wpcf7 no-js\" id=\"wpcf7-f135-o1\" lang=\"en-US\" dir=\"ltr\">\n<div class=\"screen-reader-response\"><p role=\"status\" aria-live=\"polite\" aria-atomic=\"true\"><\/p> <ul><\/ul><\/div>\n<form action=\"\/de\/wp-json\/wp\/v2\/pages\/2084#wpcf7-f135-o1\" method=\"post\" class=\"wpcf7-form init\" aria-label=\"Contact form\" novalidate=\"novalidate\" data-status=\"init\">\n<div style=\"display: none;\">\n<input type=\"hidden\" name=\"_wpcf7\" value=\"135\" \/>\n<input type=\"hidden\" name=\"_wpcf7_version\" value=\"5.9.8\" \/>\n<input type=\"hidden\" name=\"_wpcf7_locale\" value=\"en_US\" \/>\n<input type=\"hidden\" name=\"_wpcf7_unit_tag\" value=\"wpcf7-f135-o1\" \/>\n<input type=\"hidden\" name=\"_wpcf7_container_post\" value=\"0\" \/>\n<input type=\"hidden\" name=\"_wpcf7_posted_data_hash\" value=\"\" \/>\n<input type=\"hidden\" name=\"_wpcf7_recaptcha_response\" value=\"\" \/>\n<\/div>\n<p><label> Your Name<br \/>\n<span class=\"wpcf7-form-control-wrap\" data-name=\"your-name\"><input size=\"40\" maxlength=\"400\" class=\"wpcf7-form-control wpcf7-text wpcf7-validates-as-required\" autocomplete=\"name\" aria-required=\"true\" aria-invalid=\"false\" value=\"\" type=\"text\" name=\"your-name\" \/><\/span> <\/label>\n<\/p>\n<p><label> Your email address<br \/>\n<span class=\"wpcf7-form-control-wrap\" data-name=\"your-email\"><input size=\"40\" maxlength=\"400\" class=\"wpcf7-form-control wpcf7-email wpcf7-validates-as-required wpcf7-text wpcf7-validates-as-email\" autocomplete=\"email\" aria-required=\"true\" aria-invalid=\"false\" value=\"\" type=\"email\" name=\"your-email\" \/><\/span> <\/label>\n<\/p>\n<p><label> Subject<br \/>\n<span class=\"wpcf7-form-control-wrap\" data-name=\"your-subject\"><input size=\"40\" maxlength=\"400\" class=\"wpcf7-form-control wpcf7-text wpcf7-validates-as-required\" aria-required=\"true\" aria-invalid=\"false\" value=\"\" type=\"text\" name=\"your-subject\" \/><\/span> <\/label>\n<\/p>\n<p><label> Your message (optional)<br \/>\n<span class=\"wpcf7-form-control-wrap\" data-name=\"your-message\"><textarea cols=\"40\" rows=\"10\" maxlength=\"2000\" class=\"wpcf7-form-control wpcf7-textarea\" aria-invalid=\"false\" name=\"your-message\"><\/textarea><\/span> <\/label>\n<\/p>\n<p><input class=\"wpcf7-form-control wpcf7-submit has-spinner\" type=\"submit\" value=\"Enviar\" \/>\n<\/p><p style=\"display: none !important;\"><label>&#916;<textarea name=\"_wpcf7_ak_hp_textarea\" cols=\"45\" rows=\"8\" maxlength=\"100\"><\/textarea><\/label><input type=\"hidden\" id=\"ak_js_1\" name=\"_wpcf7_ak_js\" value=\"117\"\/><script>document.getElementById( \"ak_js_1\" ).setAttribute( \"value\", ( new Date() ).getTime() );<\/script><\/p><div class=\"wpcf7-response-output\" aria-hidden=\"true\"><\/div>\n<\/form>\n<\/div>\n\n&#13;\n<p>\u00a0<\/p>&#13;\n","protected":false},"excerpt":{"rendered":"<p>&#13; Wir w\u00fcrden uns freuen, von dir zu h\u00f6ren!Wenn du Fragen zu unseren Reisen hast, mit uns zusammenarbeiten m\u00f6chtest oder einfach nur Hallo sagen willst, z\u00f6gere nicht, uns zu kontaktieren. Du kannst uns \u00fcber das Kontaktformular weiter unten erreichen, und wir werden dir so schnell wie m\u00f6glich antworten. &#13; &#13; Folge uns in den sozialen [&hellip;]<\/p>\n","protected":false},"author":1,"featured_media":0,"parent":0,"menu_order":0,"comment_status":"closed","ping_status":"closed","template":"","meta":{"rank_math_title":"","rank_math_description":"","rank_math_focus_keyword":"","_lmt_disableupdate":"","_lmt_disable":"","footnotes":""},"class_list":["post-2084","page","type-page","status-publish"],"yoast_head":"<!-- This site is optimized with the Yoast SEO plugin v23.8 - https:\/\/yoast.com\/wordpress\/plugins\/seo\/ -->\n<title>Kontaktiere uns - mymallorcadiary.com<\/title>\n<meta name=\"robots\" content=\"index, follow, max-snippet:-1, max-image-preview:large, max-video-preview:-1\" \/>\n<link rel=\"canonical\" href=\"https:\/\/www.mymallorcadiary.com\/de\/kontaktiere-uns\/\" \/>\n<meta property=\"og:locale\" content=\"de_DE\" \/>\n<meta property=\"og:type\" content=\"article\" \/>\n<meta property=\"og:title\" content=\"Kontaktiere uns - mymallorcadiary.com\" \/>\n<meta property=\"og:description\" content=\"&#013; Wir w\u00fcrden uns freuen, von dir zu h\u00f6ren!Wenn du Fragen zu unseren Reisen hast, mit uns zusammenarbeiten m\u00f6chtest oder einfach nur Hallo sagen willst, z\u00f6gere nicht, uns zu kontaktieren. Du kannst uns \u00fcber das Kontaktformular weiter unten erreichen, und wir werden dir so schnell wie m\u00f6glich antworten. &#013; &#013; Folge uns in den sozialen [&hellip;]\" \/>\n<meta property=\"og:url\" content=\"https:\/\/www.mymallorcadiary.com\/de\/kontaktiere-uns\/\" \/>\n<meta property=\"og:site_name\" content=\"mymallorcadiary.com\" \/>\n<meta property=\"article:modified_time\" content=\"2026-03-23T04:19:48+00:00\" \/>\n<meta name=\"twitter:card\" content=\"summary_large_image\" \/>\n<script type=\"application\/ld+json\" class=\"yoast-schema-graph\">{\"@context\":\"https:\/\/schema.org\",\"@graph\":[{\"@type\":\"WebPage\",\"@id\":\"https:\/\/www.mymallorcadiary.com\/de\/kontaktiere-uns\/\",\"url\":\"https:\/\/www.mymallorcadiary.com\/de\/kontaktiere-uns\/\",\"name\":\"Kontaktiere uns - mymallorcadiary.com\",\"isPartOf\":{\"@id\":\"https:\/\/www.mymallorcadiary.com\/de\/#website\"},\"datePublished\":\"2024-09-21T18:02:50+00:00\",\"dateModified\":\"2026-03-23T04:19:48+00:00\",\"breadcrumb\":{\"@id\":\"https:\/\/www.mymallorcadiary.com\/de\/kontaktiere-uns\/#breadcrumb\"},\"inLanguage\":\"de\",\"potentialAction\":[{\"@type\":\"ReadAction\",\"target\":[\"https:\/\/www.mymallorcadiary.com\/de\/kontaktiere-uns\/\"]}]},{\"@type\":\"BreadcrumbList\",\"@id\":\"https:\/\/www.mymallorcadiary.com\/de\/kontaktiere-uns\/#breadcrumb\",\"itemListElement\":[{\"@type\":\"ListItem\",\"position\":1,\"name\":\"Portada\",\"item\":\"https:\/\/www.mymallorcadiary.com\/de\/\"},{\"@type\":\"ListItem\",\"position\":2,\"name\":\"Kontaktiere uns\"}]},{\"@type\":\"WebSite\",\"@id\":\"https:\/\/www.mymallorcadiary.com\/de\/#website\",\"url\":\"https:\/\/www.mymallorcadiary.com\/de\/\",\"name\":\"mymallorcadiary.com\",\"description\":\"The best Mallorcan tips\",\"potentialAction\":[{\"@type\":\"SearchAction\",\"target\":{\"@type\":\"EntryPoint\",\"urlTemplate\":\"https:\/\/www.mymallorcadiary.com\/de\/?s={search_term_string}\"},\"query-input\":{\"@type\":\"PropertyValueSpecification\",\"valueRequired\":true,\"valueName\":\"search_term_string\"}}],\"inLanguage\":\"de\"}]}<\/script>\n<!-- \/ Yoast SEO plugin. -->","yoast_head_json":{"title":"Kontaktiere uns - mymallorcadiary.com","robots":{"index":"index","follow":"follow","max-snippet":"max-snippet:-1","max-image-preview":"max-image-preview:large","max-video-preview":"max-video-preview:-1"},"canonical":"https:\/\/www.mymallorcadiary.com\/de\/kontaktiere-uns\/","og_locale":"de_DE","og_type":"article","og_title":"Kontaktiere uns - mymallorcadiary.com","og_description":"&#13; Wir w\u00fcrden uns freuen, von dir zu h\u00f6ren!Wenn du Fragen zu unseren Reisen hast, mit uns zusammenarbeiten m\u00f6chtest oder einfach nur Hallo sagen willst, z\u00f6gere nicht, uns zu kontaktieren. Du kannst uns \u00fcber das Kontaktformular weiter unten erreichen, und wir werden dir so schnell wie m\u00f6glich antworten. &#13; &#13; Folge uns in den sozialen [&hellip;]","og_url":"https:\/\/www.mymallorcadiary.com\/de\/kontaktiere-uns\/","og_site_name":"mymallorcadiary.com","article_modified_time":"2026-03-23T04:19:48+00:00","twitter_card":"summary_large_image","schema":{"@context":"https:\/\/schema.org","@graph":[{"@type":"WebPage","@id":"https:\/\/www.mymallorcadiary.com\/de\/kontaktiere-uns\/","url":"https:\/\/www.mymallorcadiary.com\/de\/kontaktiere-uns\/","name":"Kontaktiere uns - mymallorcadiary.com","isPartOf":{"@id":"https:\/\/www.mymallorcadiary.com\/de\/#website"},"datePublished":"2024-09-21T18:02:50+00:00","dateModified":"2026-03-23T04:19:48+00:00","breadcrumb":{"@id":"https:\/\/www.mymallorcadiary.com\/de\/kontaktiere-uns\/#breadcrumb"},"inLanguage":"de","potentialAction":[{"@type":"ReadAction","target":["https:\/\/www.mymallorcadiary.com\/de\/kontaktiere-uns\/"]}]},{"@type":"BreadcrumbList","@id":"https:\/\/www.mymallorcadiary.com\/de\/kontaktiere-uns\/#breadcrumb","itemListElement":[{"@type":"ListItem","position":1,"name":"Portada","item":"https:\/\/www.mymallorcadiary.com\/de\/"},{"@type":"ListItem","position":2,"name":"Kontaktiere uns"}]},{"@type":"WebSite","@id":"https:\/\/www.mymallorcadiary.com\/de\/#website","url":"https:\/\/www.mymallorcadiary.com\/de\/","name":"mymallorcadiary.com","description":"The best Mallorcan tips","potentialAction":[{"@type":"SearchAction","target":{"@type":"EntryPoint","urlTemplate":"https:\/\/www.mymallorcadiary.com\/de\/?s={search_term_string}"},"query-input":{"@type":"PropertyValueSpecification","valueRequired":true,"valueName":"search_term_string"}}],"inLanguage":"de"}]}},"yoast_meta":{"yoast_wpseo_title":"Kontaktiere uns - mymallorcadiary.com","yoast_wpseo_metadesc":"","yoast_wpseo_canonical":"https:\/\/www.mymallorcadiary.com\/de\/kontaktiere-uns\/"},"_links":{"self":[{"href":"https:\/\/www.mymallorcadiary.com\/de\/wp-json\/wp\/v2\/pages\/2084","targetHints":{"allow":["GET"]}}],"collection":[{"href":"https:\/\/www.mymallorcadiary.com\/de\/wp-json\/wp\/v2\/pages"}],"about":[{"href":"https:\/\/www.mymallorcadiary.com\/de\/wp-json\/wp\/v2\/types\/page"}],"author":[{"embeddable":true,"href":"https:\/\/www.mymallorcadiary.com\/de\/wp-json\/wp\/v2\/users\/1"}],"replies":[{"embeddable":true,"href":"https:\/\/www.mymallorcadiary.com\/de\/wp-json\/wp\/v2\/comments?post=2084"}],"version-history":[{"count":0,"href":"https:\/\/www.mymallorcadiary.com\/de\/wp-json\/wp\/v2\/pages\/2084\/revisions"}],"wp:attachment":[{"href":"https:\/\/www.mymallorcadiary.com\/de\/wp-json\/wp\/v2\/media?parent=2084"}],"curies":[{"name":"wp","href":"https:\/\/api.w.org\/{rel}","templated":true}]}}