{"id":1753,"date":"2024-09-21T17:43:07","date_gmt":"2024-09-21T17:43:07","guid":{"rendered":"https:\/\/www.mymallorcadiary.com\/sobre-nosotros\/"},"modified":"2026-04-14T14:31:48","modified_gmt":"2026-04-14T14:31:48","slug":"sobre-nosotros","status":"publish","type":"page","link":"https:\/\/www.mymallorcadiary.com\/es\/sobre-nosotros\/","title":{"rendered":"Sobre nosotros"},"content":{"rendered":"&#13;\n<p>Somos Adri y Tom, una pareja que lleva seis a\u00f1os viviendo en Mallorca. Durante nuestro tiempo en esta hermosa isla, hemos descubierto innumerables rincones escondidos que solo los locales conocen. Desde sus playas apartadas hasta mercados vibrantes y pueblos pintorescos, nos apasiona mostrar Mallorca desde la perspectiva de un local.  <\/p>&#13;\n<p><img decoding=\"async\" class=\"wp-image-147 size-full aligncenter\" src=\"https:\/\/www.mymallorcadiary.com\/wp-content\/uploads\/2024\/09\/Mallorca-guide-Tom-and-Adri.jpg\" alt=\"Gu&#xED;a de Mallorca\" width=\"550\" height=\"550\"\/><\/p>&#13;\n&#13;\n<p><strong>Descubriendo Mallorca, Nuestro Hogar Insular<\/strong><\/p>&#13;\n&#13;\n<p>Mallorca nos ha cautivado con sus paisajes impresionantes, su rica cultura y la c\u00e1lida comunidad de personas que hemos conocido aqu\u00ed. <strong>Hemos pasado a\u00f1os explorando sus muchas maravillas, y parece que siempre hay m\u00e1s por descubrir<\/strong>. Ya sea una playa tranquila al amanecer, un mercado bullicioso en el coraz\u00f3n de Palma o una cala secreta, nuestra conexi\u00f3n con esta isla solo se hace m\u00e1s profunda con cada a\u00f1o que pasa. <\/p>&#13;\n&#13;\n<p><strong>Nos encanta compartir la belleza de Mallorca con otros, ofreciendo<\/strong> una aut\u00e9ntica experiencia local de su cultura, gastronom\u00eda y tesoros escondidos. A Tom tambi\u00e9n le encanta mostrar los lugares m\u00e1s bonitos de la isla en <a href=\"https:\/\/www.tiktok.com\/@mymallorcadiary\" target=\"_blank\" rel=\"noreferrer noopener\" data-type=\"link\" data-id=\"https:\/\/www.tiktok.com\/@mymallorcadiary\">TikTok<\/a>, ayudando tanto a viajeros como a locales a descubrir los rincones ocultos de Mallorca a trav\u00e9s de v\u00eddeos atractivos. <\/p>&#13;\n&#13;\n<p><strong>Nuestra Vida y Negocios en la Isla<\/strong><br\/>Adem\u00e1s de explorar Mallorca, tambi\u00e9n tenemos la suerte de combinar nuestra pasi\u00f3n por los viajes con nuestro trabajo. Adri dirige su propio negocio, <a href=\"http:\/\/thisisvisible.com\" target=\"_blank\" rel=\"noopener\">Thisisvisible.com<\/a>, una empresa de dise\u00f1o web y gesti\u00f3n de redes sociales dedicada a ayudar a negocios locales mallorquines a crecer su presencia online. Mientras tanto, Tom ha establecido <a href=\"http:\/\/likexpat.com\" target=\"_blank\" rel=\"noopener\">Likexpats.com<\/a>, una agencia de viajes online especializada en crear experiencias \u00fanicas para viajeros checos y eslovacos que visitan Mallorca y otros destinos.  <\/p>&#13;\n&#13;\n<p><strong>Viajes, gastronom\u00eda y tenis: nuestras pasiones<\/strong><br\/>Cuando no estamos trabajando o descubriendo nuevos rincones de Mallorca, a menudo nos encontrar\u00e1s disfrutando de nuestras aficiones favoritas: viajar, comer en restaurantes locales y jugar al tenis. Creemos que la vida en Mallorca ofrece el equilibrio perfecto entre disfrutar de la belleza de la isla y dedicarte a tus pasiones personales. <strong>Siempre estamos buscando buenos sitios para comer, cafeter\u00edas acogedoras donde relajarnos y nuevos lugares que explorar, tanto aqu\u00ed como en el extranjero.<\/strong><\/p>&#13;\n&#13;\n<p><strong>Conecta con Nosotros<\/strong><br\/>Nuestras aventuras, tanto en nuestro trabajo como en nuestra vida cotidiana en Mallorca, son algo que nos encanta compartir. Esperamos inspirar a otros a explorar esta hermosa isla y disfrutar de la mezcla \u00fanica de cultura, gastronom\u00eda y experiencias que ofrece. \u00danete a nosotros en nuestro viaje mientras continuamos explorando, compartiendo y viviendo la vida en Mallorca.  <\/p>&#13;\n&#13;\n<p>Escr\u00edbenos a <a href=\"mailto:mymallorcadiary@gmail.com\">mymallorcadiary@gmail.com<\/a><\/p>&#13;\n&#13;\n<p>\u00a0<\/p>&#13;\n&#13;\n<p><strong>Adri<\/strong><\/p>&#13;\n&#13;\n<p><a href=\"https:\/\/www.facebook.com\/adry.arroyocastellanos\" target=\"_blank\" rel=\"noreferrer noopener\" data-type=\"link\" data-id=\"https:\/\/www.facebook.com\/adry.arroyocastellanos\">Facebook de Adri<\/a><br\/><a href=\"https:\/\/www.instagram.com\/my.authentic.experiences\/\" target=\"_blank\" rel=\"noreferrer noopener\" data-type=\"link\" data-id=\"https:\/\/www.instagram.com\/my.authentic.experiences\/\">Instagram de Adri<\/a><\/p>&#13;\n&#13;\n<p><strong>Tom<\/strong><\/p>&#13;\n&#13;\n<p><a href=\"https:\/\/www.facebook.com\/tomas.nanak.9\/\" target=\"_blank\" rel=\"noreferrer noopener\">Facebook de Tom<\/a><br\/><a href=\"https:\/\/www.tiktok.com\/@mymallorcadiary\" target=\"_blank\" rel=\"noreferrer noopener\" data-type=\"link\" data-id=\"https:\/\/www.tiktok.com\/@mymallorcadiary\">TikTok de Tom<\/a><br\/><a href=\"https:\/\/www.instagram.com\/mymallorcadiary\/?hl=en\" target=\"_blank\" rel=\"noreferrer noopener\" data-type=\"link\" data-id=\"https:\/\/www.instagram.com\/mymallorcadiary\/?hl=en\">Instagram de Tom<\/a><\/p>&#13;\n&#13;\n<p>\u00a0<\/p>&#13;\n\r\n<blockquote class=\"wp-block-quote is-layout-flow wp-block-quote-is-layout-flow\">&#13;\n<p>\u00a0<\/p>&#13;\n<\/blockquote>\r\n&#13;\n<p>\u00a0<\/p>&#13;\n&#13;\n<p>\u00a0<\/p>&#13;\n","protected":false},"excerpt":{"rendered":"<p>&#13; Somos Adri y Tom, una pareja que lleva seis a\u00f1os viviendo en Mallorca. Durante nuestro tiempo en esta hermosa isla, hemos descubierto innumerables rincones escondidos que solo los locales conocen. Desde sus playas apartadas hasta mercados vibrantes y pueblos pintorescos, nos apasiona mostrar Mallorca desde la perspectiva de un local. &#13; &#13; &#13; Descubriendo [&hellip;]<\/p>\n","protected":false},"author":1,"featured_media":0,"parent":0,"menu_order":0,"comment_status":"closed","ping_status":"closed","template":"","meta":{"rank_math_title":"","rank_math_description":"","rank_math_focus_keyword":"","_lmt_disableupdate":"","_lmt_disable":"","footnotes":""},"class_list":["post-1753","page","type-page","status-publish"],"yoast_head":"<!-- This site is optimized with the Yoast SEO plugin v23.8 - https:\/\/yoast.com\/wordpress\/plugins\/seo\/ -->\n<title>Sobre nosotros | Mymallorcadiary<\/title>\n<meta name=\"description\" content=\"Somos Adri y Tom, una pareja que lleva seis a\u00f1os viviendo en Mallorca. Durante nuestro tiempo en esta hermosa isla...\" \/>\n<meta name=\"robots\" content=\"index, follow, max-snippet:-1, max-image-preview:large, max-video-preview:-1\" \/>\n<link rel=\"canonical\" href=\"https:\/\/www.mymallorcadiary.com\/es\/sobre-nosotros\/\" \/>\n<meta property=\"og:locale\" content=\"es_ES\" \/>\n<meta property=\"og:type\" content=\"article\" \/>\n<meta property=\"og:title\" content=\"Sobre nosotros | Mymallorcadiary\" \/>\n<meta property=\"og:description\" content=\"Somos Adri y Tom, una pareja que lleva seis a\u00f1os viviendo en Mallorca. Durante nuestro tiempo en esta hermosa isla...\" \/>\n<meta property=\"og:url\" content=\"https:\/\/www.mymallorcadiary.com\/es\/sobre-nosotros\/\" \/>\n<meta property=\"og:site_name\" content=\"mymallorcadiary.com\" \/>\n<meta property=\"article:modified_time\" content=\"2026-04-14T14:31:48+00:00\" \/>\n<meta name=\"twitter:card\" content=\"summary_large_image\" \/>\n<meta name=\"twitter:label1\" content=\"Tiempo de lectura\" \/>\n\t<meta name=\"twitter:data1\" content=\"2 minutos\" \/>\n<script type=\"application\/ld+json\" class=\"yoast-schema-graph\">{\"@context\":\"https:\/\/schema.org\",\"@graph\":[{\"@type\":\"WebPage\",\"@id\":\"https:\/\/www.mymallorcadiary.com\/es\/sobre-nosotros\/\",\"url\":\"https:\/\/www.mymallorcadiary.com\/es\/sobre-nosotros\/\",\"name\":\"Sobre nosotros | Mymallorcadiary\",\"isPartOf\":{\"@id\":\"https:\/\/www.mymallorcadiary.com\/es\/#website\"},\"primaryImageOfPage\":{\"@id\":\"https:\/\/www.mymallorcadiary.com\/es\/sobre-nosotros\/#primaryimage\"},\"image\":{\"@id\":\"https:\/\/www.mymallorcadiary.com\/es\/sobre-nosotros\/#primaryimage\"},\"thumbnailUrl\":\"https:\/\/www.mymallorcadiary.com\/wp-content\/uploads\/2024\/09\/Mallorca-guide-Tom-and-Adri.jpg\",\"datePublished\":\"2024-09-21T17:43:07+00:00\",\"dateModified\":\"2026-04-14T14:31:48+00:00\",\"description\":\"Somos Adri y Tom, una pareja que lleva seis a\u00f1os viviendo en Mallorca. Durante nuestro tiempo en esta hermosa isla...\",\"breadcrumb\":{\"@id\":\"https:\/\/www.mymallorcadiary.com\/es\/sobre-nosotros\/#breadcrumb\"},\"inLanguage\":\"es\",\"potentialAction\":[{\"@type\":\"ReadAction\",\"target\":[\"https:\/\/www.mymallorcadiary.com\/es\/sobre-nosotros\/\"]}]},{\"@type\":\"ImageObject\",\"inLanguage\":\"es\",\"@id\":\"https:\/\/www.mymallorcadiary.com\/es\/sobre-nosotros\/#primaryimage\",\"url\":\"https:\/\/www.mymallorcadiary.com\/wp-content\/uploads\/2024\/09\/Mallorca-guide-Tom-and-Adri.jpg\",\"contentUrl\":\"https:\/\/www.mymallorcadiary.com\/wp-content\/uploads\/2024\/09\/Mallorca-guide-Tom-and-Adri.jpg\"},{\"@type\":\"BreadcrumbList\",\"@id\":\"https:\/\/www.mymallorcadiary.com\/es\/sobre-nosotros\/#breadcrumb\",\"itemListElement\":[{\"@type\":\"ListItem\",\"position\":1,\"name\":\"Portada\",\"item\":\"https:\/\/www.mymallorcadiary.com\/es\/inicio\/\"},{\"@type\":\"ListItem\",\"position\":2,\"name\":\"Sobre nosotros\"}]},{\"@type\":\"WebSite\",\"@id\":\"https:\/\/www.mymallorcadiary.com\/es\/#website\",\"url\":\"https:\/\/www.mymallorcadiary.com\/es\/\",\"name\":\"mymallorcadiary.com\",\"description\":\"The best Mallorcan tips\",\"potentialAction\":[{\"@type\":\"SearchAction\",\"target\":{\"@type\":\"EntryPoint\",\"urlTemplate\":\"https:\/\/www.mymallorcadiary.com\/es\/?s={search_term_string}\"},\"query-input\":{\"@type\":\"PropertyValueSpecification\",\"valueRequired\":true,\"valueName\":\"search_term_string\"}}],\"inLanguage\":\"es\"}]}<\/script>\n<!-- \/ Yoast SEO plugin. -->","yoast_head_json":{"title":"Sobre nosotros | Mymallorcadiary","description":"Somos Adri y Tom, una pareja que lleva seis a\u00f1os viviendo en Mallorca. Durante nuestro tiempo en esta hermosa isla...","robots":{"index":"index","follow":"follow","max-snippet":"max-snippet:-1","max-image-preview":"max-image-preview:large","max-video-preview":"max-video-preview:-1"},"canonical":"https:\/\/www.mymallorcadiary.com\/es\/sobre-nosotros\/","og_locale":"es_ES","og_type":"article","og_title":"Sobre nosotros | Mymallorcadiary","og_description":"Somos Adri y Tom, una pareja que lleva seis a\u00f1os viviendo en Mallorca. Durante nuestro tiempo en esta hermosa isla...","og_url":"https:\/\/www.mymallorcadiary.com\/es\/sobre-nosotros\/","og_site_name":"mymallorcadiary.com","article_modified_time":"2026-04-14T14:31:48+00:00","twitter_card":"summary_large_image","twitter_misc":{"Tiempo de lectura":"2 minutos"},"schema":{"@context":"https:\/\/schema.org","@graph":[{"@type":"WebPage","@id":"https:\/\/www.mymallorcadiary.com\/es\/sobre-nosotros\/","url":"https:\/\/www.mymallorcadiary.com\/es\/sobre-nosotros\/","name":"Sobre nosotros | Mymallorcadiary","isPartOf":{"@id":"https:\/\/www.mymallorcadiary.com\/es\/#website"},"primaryImageOfPage":{"@id":"https:\/\/www.mymallorcadiary.com\/es\/sobre-nosotros\/#primaryimage"},"image":{"@id":"https:\/\/www.mymallorcadiary.com\/es\/sobre-nosotros\/#primaryimage"},"thumbnailUrl":"https:\/\/www.mymallorcadiary.com\/wp-content\/uploads\/2024\/09\/Mallorca-guide-Tom-and-Adri.jpg","datePublished":"2024-09-21T17:43:07+00:00","dateModified":"2026-04-14T14:31:48+00:00","description":"Somos Adri y Tom, una pareja que lleva seis a\u00f1os viviendo en Mallorca. Durante nuestro tiempo en esta hermosa isla...","breadcrumb":{"@id":"https:\/\/www.mymallorcadiary.com\/es\/sobre-nosotros\/#breadcrumb"},"inLanguage":"es","potentialAction":[{"@type":"ReadAction","target":["https:\/\/www.mymallorcadiary.com\/es\/sobre-nosotros\/"]}]},{"@type":"ImageObject","inLanguage":"es","@id":"https:\/\/www.mymallorcadiary.com\/es\/sobre-nosotros\/#primaryimage","url":"https:\/\/www.mymallorcadiary.com\/wp-content\/uploads\/2024\/09\/Mallorca-guide-Tom-and-Adri.jpg","contentUrl":"https:\/\/www.mymallorcadiary.com\/wp-content\/uploads\/2024\/09\/Mallorca-guide-Tom-and-Adri.jpg"},{"@type":"BreadcrumbList","@id":"https:\/\/www.mymallorcadiary.com\/es\/sobre-nosotros\/#breadcrumb","itemListElement":[{"@type":"ListItem","position":1,"name":"Portada","item":"https:\/\/www.mymallorcadiary.com\/es\/inicio\/"},{"@type":"ListItem","position":2,"name":"Sobre nosotros"}]},{"@type":"WebSite","@id":"https:\/\/www.mymallorcadiary.com\/es\/#website","url":"https:\/\/www.mymallorcadiary.com\/es\/","name":"mymallorcadiary.com","description":"The best Mallorcan tips","potentialAction":[{"@type":"SearchAction","target":{"@type":"EntryPoint","urlTemplate":"https:\/\/www.mymallorcadiary.com\/es\/?s={search_term_string}"},"query-input":{"@type":"PropertyValueSpecification","valueRequired":true,"valueName":"search_term_string"}}],"inLanguage":"es"}]}},"yoast_meta":{"yoast_wpseo_title":"Sobre nosotros | Mymallorcadiary","yoast_wpseo_metadesc":"Somos Adri y Tom, una pareja que lleva seis a\u00f1os viviendo en Mallorca. Durante nuestro tiempo en esta hermosa isla...","yoast_wpseo_canonical":"https:\/\/www.mymallorcadiary.com\/es\/sobre-nosotros\/"},"_links":{"self":[{"href":"https:\/\/www.mymallorcadiary.com\/es\/wp-json\/wp\/v2\/pages\/1753","targetHints":{"allow":["GET"]}}],"collection":[{"href":"https:\/\/www.mymallorcadiary.com\/es\/wp-json\/wp\/v2\/pages"}],"about":[{"href":"https:\/\/www.mymallorcadiary.com\/es\/wp-json\/wp\/v2\/types\/page"}],"author":[{"embeddable":true,"href":"https:\/\/www.mymallorcadiary.com\/es\/wp-json\/wp\/v2\/users\/1"}],"replies":[{"embeddable":true,"href":"https:\/\/www.mymallorcadiary.com\/es\/wp-json\/wp\/v2\/comments?post=1753"}],"version-history":[{"count":0,"href":"https:\/\/www.mymallorcadiary.com\/es\/wp-json\/wp\/v2\/pages\/1753\/revisions"}],"wp:attachment":[{"href":"https:\/\/www.mymallorcadiary.com\/es\/wp-json\/wp\/v2\/media?parent=1753"}],"curies":[{"name":"wp","href":"https:\/\/api.w.org\/{rel}","templated":true}]}}