{"id":1755,"date":"2024-09-21T18:02:50","date_gmt":"2024-09-21T18:02:50","guid":{"rendered":"https:\/\/www.mymallorcadiary.com\/contactanos\/"},"modified":"2026-04-20T08:18:20","modified_gmt":"2026-04-20T08:18:20","slug":"contactanos","status":"publish","type":"page","link":"https:\/\/www.mymallorcadiary.com\/es\/contactanos\/","title":{"rendered":"Cont\u00e1ctanos"},"content":{"rendered":"&#13;\n<p><br\/><strong>\u00a1Nos encantar\u00eda saber de ti!<\/strong><br\/>Si tienes preguntas sobre nuestros viajes, quieres colaborar o simplemente quieres saludar, no dudes en ponerte en contacto. Puedes contactarnos a trav\u00e9s del formulario de contacto que encontrar\u00e1s a continuaci\u00f3n, y te responderemos lo antes posible. <\/p>&#13;\n&#13;\n<p>\u00a1S\u00edguenos en redes sociales para estar al tanto de nuestras \u00faltimas aventuras en Mallorca y m\u00e1s all\u00e1! \ud83c\udfdd\ufe0f<\/p>&#13;\n\n<div class=\"wpcf7 no-js\" id=\"wpcf7-f135-o1\" lang=\"en-US\" dir=\"ltr\">\n<div class=\"screen-reader-response\"><p role=\"status\" aria-live=\"polite\" aria-atomic=\"true\"><\/p> <ul><\/ul><\/div>\n<form action=\"\/es\/wp-json\/wp\/v2\/pages\/1755#wpcf7-f135-o1\" method=\"post\" class=\"wpcf7-form init\" aria-label=\"Contact form\" novalidate=\"novalidate\" data-status=\"init\">\n<div style=\"display: none;\">\n<input type=\"hidden\" name=\"_wpcf7\" value=\"135\" \/>\n<input type=\"hidden\" name=\"_wpcf7_version\" value=\"5.9.8\" \/>\n<input type=\"hidden\" name=\"_wpcf7_locale\" value=\"en_US\" \/>\n<input type=\"hidden\" name=\"_wpcf7_unit_tag\" value=\"wpcf7-f135-o1\" \/>\n<input type=\"hidden\" name=\"_wpcf7_container_post\" value=\"0\" \/>\n<input type=\"hidden\" name=\"_wpcf7_posted_data_hash\" value=\"\" \/>\n<input type=\"hidden\" name=\"_wpcf7_recaptcha_response\" value=\"\" \/>\n<\/div>\n<p><label> Your Name<br \/>\n<span class=\"wpcf7-form-control-wrap\" data-name=\"your-name\"><input size=\"40\" maxlength=\"400\" class=\"wpcf7-form-control wpcf7-text wpcf7-validates-as-required\" autocomplete=\"name\" aria-required=\"true\" aria-invalid=\"false\" value=\"\" type=\"text\" name=\"your-name\" \/><\/span> <\/label>\n<\/p>\n<p><label> Your email address<br \/>\n<span class=\"wpcf7-form-control-wrap\" data-name=\"your-email\"><input size=\"40\" maxlength=\"400\" class=\"wpcf7-form-control wpcf7-email wpcf7-validates-as-required wpcf7-text wpcf7-validates-as-email\" autocomplete=\"email\" aria-required=\"true\" aria-invalid=\"false\" value=\"\" type=\"email\" name=\"your-email\" \/><\/span> <\/label>\n<\/p>\n<p><label> Subject<br \/>\n<span class=\"wpcf7-form-control-wrap\" data-name=\"your-subject\"><input size=\"40\" maxlength=\"400\" class=\"wpcf7-form-control wpcf7-text wpcf7-validates-as-required\" aria-required=\"true\" aria-invalid=\"false\" value=\"\" type=\"text\" name=\"your-subject\" \/><\/span> <\/label>\n<\/p>\n<p><label> Your message (optional)<br \/>\n<span class=\"wpcf7-form-control-wrap\" data-name=\"your-message\"><textarea cols=\"40\" rows=\"10\" maxlength=\"2000\" class=\"wpcf7-form-control wpcf7-textarea\" aria-invalid=\"false\" name=\"your-message\"><\/textarea><\/span> <\/label>\n<\/p>\n<p><input class=\"wpcf7-form-control wpcf7-submit has-spinner\" type=\"submit\" value=\"Enviar\" \/>\n<\/p><p style=\"display: none !important;\"><label>&#916;<textarea name=\"_wpcf7_ak_hp_textarea\" cols=\"45\" rows=\"8\" maxlength=\"100\"><\/textarea><\/label><input type=\"hidden\" id=\"ak_js_1\" name=\"_wpcf7_ak_js\" value=\"139\"\/><script>document.getElementById( \"ak_js_1\" ).setAttribute( \"value\", ( new Date() ).getTime() );<\/script><\/p><div class=\"wpcf7-response-output\" aria-hidden=\"true\"><\/div>\n<\/form>\n<\/div>\n\n&#13;\n<p>\u00a0<\/p>&#13;\n","protected":false},"excerpt":{"rendered":"<p>&#13; \u00a1Nos encantar\u00eda saber de ti!Si tienes preguntas sobre nuestros viajes, quieres colaborar o simplemente quieres saludar, no dudes en ponerte en contacto. Puedes contactarnos a trav\u00e9s del formulario de contacto que encontrar\u00e1s a continuaci\u00f3n, y te responderemos lo antes posible. &#13; &#13; \u00a1S\u00edguenos en redes sociales para estar al tanto de nuestras \u00faltimas aventuras [&hellip;]<\/p>\n","protected":false},"author":1,"featured_media":0,"parent":0,"menu_order":0,"comment_status":"closed","ping_status":"closed","template":"","meta":{"rank_math_title":"","rank_math_description":"","rank_math_focus_keyword":"","_lmt_disableupdate":"","_lmt_disable":"","footnotes":""},"class_list":["post-1755","page","type-page","status-publish"],"yoast_head":"<!-- This site is optimized with the Yoast SEO plugin v23.8 - https:\/\/yoast.com\/wordpress\/plugins\/seo\/ -->\n<title>Cont\u00e1ctanos - mymallorcadiary.com<\/title>\n<meta name=\"robots\" content=\"index, follow, max-snippet:-1, max-image-preview:large, max-video-preview:-1\" \/>\n<link rel=\"canonical\" href=\"https:\/\/www.mymallorcadiary.com\/es\/contactanos\/\" \/>\n<meta property=\"og:locale\" content=\"es_ES\" \/>\n<meta property=\"og:type\" content=\"article\" \/>\n<meta property=\"og:title\" content=\"Cont\u00e1ctanos - mymallorcadiary.com\" \/>\n<meta property=\"og:description\" content=\"&#013; \u00a1Nos encantar\u00eda saber de ti!Si tienes preguntas sobre nuestros viajes, quieres colaborar o simplemente quieres saludar, no dudes en ponerte en contacto. Puedes contactarnos a trav\u00e9s del formulario de contacto que encontrar\u00e1s a continuaci\u00f3n, y te responderemos lo antes posible. &#013; &#013; \u00a1S\u00edguenos en redes sociales para estar al tanto de nuestras \u00faltimas aventuras [&hellip;]\" \/>\n<meta property=\"og:url\" content=\"https:\/\/www.mymallorcadiary.com\/es\/contactanos\/\" \/>\n<meta property=\"og:site_name\" content=\"mymallorcadiary.com\" \/>\n<meta property=\"article:modified_time\" content=\"2026-04-20T08:18:20+00:00\" \/>\n<meta name=\"twitter:card\" content=\"summary_large_image\" \/>\n<script type=\"application\/ld+json\" class=\"yoast-schema-graph\">{\"@context\":\"https:\/\/schema.org\",\"@graph\":[{\"@type\":\"WebPage\",\"@id\":\"https:\/\/www.mymallorcadiary.com\/es\/contactanos\/\",\"url\":\"https:\/\/www.mymallorcadiary.com\/es\/contactanos\/\",\"name\":\"Cont\u00e1ctanos - mymallorcadiary.com\",\"isPartOf\":{\"@id\":\"https:\/\/www.mymallorcadiary.com\/es\/#website\"},\"datePublished\":\"2024-09-21T18:02:50+00:00\",\"dateModified\":\"2026-04-20T08:18:20+00:00\",\"breadcrumb\":{\"@id\":\"https:\/\/www.mymallorcadiary.com\/es\/contactanos\/#breadcrumb\"},\"inLanguage\":\"es\",\"potentialAction\":[{\"@type\":\"ReadAction\",\"target\":[\"https:\/\/www.mymallorcadiary.com\/es\/contactanos\/\"]}]},{\"@type\":\"BreadcrumbList\",\"@id\":\"https:\/\/www.mymallorcadiary.com\/es\/contactanos\/#breadcrumb\",\"itemListElement\":[{\"@type\":\"ListItem\",\"position\":1,\"name\":\"Portada\",\"item\":\"https:\/\/www.mymallorcadiary.com\/es\/inicio\/\"},{\"@type\":\"ListItem\",\"position\":2,\"name\":\"Cont\u00e1ctanos\"}]},{\"@type\":\"WebSite\",\"@id\":\"https:\/\/www.mymallorcadiary.com\/es\/#website\",\"url\":\"https:\/\/www.mymallorcadiary.com\/es\/\",\"name\":\"mymallorcadiary.com\",\"description\":\"The best Mallorcan tips\",\"potentialAction\":[{\"@type\":\"SearchAction\",\"target\":{\"@type\":\"EntryPoint\",\"urlTemplate\":\"https:\/\/www.mymallorcadiary.com\/es\/?s={search_term_string}\"},\"query-input\":{\"@type\":\"PropertyValueSpecification\",\"valueRequired\":true,\"valueName\":\"search_term_string\"}}],\"inLanguage\":\"es\"}]}<\/script>\n<!-- \/ Yoast SEO plugin. -->","yoast_head_json":{"title":"Cont\u00e1ctanos - mymallorcadiary.com","robots":{"index":"index","follow":"follow","max-snippet":"max-snippet:-1","max-image-preview":"max-image-preview:large","max-video-preview":"max-video-preview:-1"},"canonical":"https:\/\/www.mymallorcadiary.com\/es\/contactanos\/","og_locale":"es_ES","og_type":"article","og_title":"Cont\u00e1ctanos - mymallorcadiary.com","og_description":"&#13; \u00a1Nos encantar\u00eda saber de ti!Si tienes preguntas sobre nuestros viajes, quieres colaborar o simplemente quieres saludar, no dudes en ponerte en contacto. Puedes contactarnos a trav\u00e9s del formulario de contacto que encontrar\u00e1s a continuaci\u00f3n, y te responderemos lo antes posible. &#13; &#13; \u00a1S\u00edguenos en redes sociales para estar al tanto de nuestras \u00faltimas aventuras [&hellip;]","og_url":"https:\/\/www.mymallorcadiary.com\/es\/contactanos\/","og_site_name":"mymallorcadiary.com","article_modified_time":"2026-04-20T08:18:20+00:00","twitter_card":"summary_large_image","schema":{"@context":"https:\/\/schema.org","@graph":[{"@type":"WebPage","@id":"https:\/\/www.mymallorcadiary.com\/es\/contactanos\/","url":"https:\/\/www.mymallorcadiary.com\/es\/contactanos\/","name":"Cont\u00e1ctanos - mymallorcadiary.com","isPartOf":{"@id":"https:\/\/www.mymallorcadiary.com\/es\/#website"},"datePublished":"2024-09-21T18:02:50+00:00","dateModified":"2026-04-20T08:18:20+00:00","breadcrumb":{"@id":"https:\/\/www.mymallorcadiary.com\/es\/contactanos\/#breadcrumb"},"inLanguage":"es","potentialAction":[{"@type":"ReadAction","target":["https:\/\/www.mymallorcadiary.com\/es\/contactanos\/"]}]},{"@type":"BreadcrumbList","@id":"https:\/\/www.mymallorcadiary.com\/es\/contactanos\/#breadcrumb","itemListElement":[{"@type":"ListItem","position":1,"name":"Portada","item":"https:\/\/www.mymallorcadiary.com\/es\/inicio\/"},{"@type":"ListItem","position":2,"name":"Cont\u00e1ctanos"}]},{"@type":"WebSite","@id":"https:\/\/www.mymallorcadiary.com\/es\/#website","url":"https:\/\/www.mymallorcadiary.com\/es\/","name":"mymallorcadiary.com","description":"The best Mallorcan tips","potentialAction":[{"@type":"SearchAction","target":{"@type":"EntryPoint","urlTemplate":"https:\/\/www.mymallorcadiary.com\/es\/?s={search_term_string}"},"query-input":{"@type":"PropertyValueSpecification","valueRequired":true,"valueName":"search_term_string"}}],"inLanguage":"es"}]}},"yoast_meta":{"yoast_wpseo_title":"Cont\u00e1ctanos - mymallorcadiary.com","yoast_wpseo_metadesc":"","yoast_wpseo_canonical":"https:\/\/www.mymallorcadiary.com\/es\/contactanos\/"},"_links":{"self":[{"href":"https:\/\/www.mymallorcadiary.com\/es\/wp-json\/wp\/v2\/pages\/1755","targetHints":{"allow":["GET"]}}],"collection":[{"href":"https:\/\/www.mymallorcadiary.com\/es\/wp-json\/wp\/v2\/pages"}],"about":[{"href":"https:\/\/www.mymallorcadiary.com\/es\/wp-json\/wp\/v2\/types\/page"}],"author":[{"embeddable":true,"href":"https:\/\/www.mymallorcadiary.com\/es\/wp-json\/wp\/v2\/users\/1"}],"replies":[{"embeddable":true,"href":"https:\/\/www.mymallorcadiary.com\/es\/wp-json\/wp\/v2\/comments?post=1755"}],"version-history":[{"count":0,"href":"https:\/\/www.mymallorcadiary.com\/es\/wp-json\/wp\/v2\/pages\/1755\/revisions"}],"wp:attachment":[{"href":"https:\/\/www.mymallorcadiary.com\/es\/wp-json\/wp\/v2\/media?parent=1755"}],"curies":[{"name":"wp","href":"https:\/\/api.w.org\/{rel}","templated":true}]}}